{"id":4528,"date":"2015-04-01T14:27:41","date_gmt":"2015-04-01T17:27:41","guid":{"rendered":"http:\/\/sindespe.org.br\/portal\/?page_id=4528"},"modified":"2021-03-02T09:12:01","modified_gmt":"2021-03-02T12:12:01","slug":"atualizacao-de-cadastro","status":"publish","type":"page","link":"https:\/\/sindpenal.org.br\/portal\/atualizacao-de-cadastro\/","title":{"rendered":"Atualiza\u00e7\u00e3o de Cadastro"},"content":{"rendered":"<h2 style=\"text-align: center;\"><span style=\"color: #ff0000;\"><strong>ATUALIZA\u00c7\u00c3O DE CADASTRO DE FILIA\u00c7\u00c3O<\/strong><\/span><\/h2>\n<div role=\"form\" class=\"wpcf7\" id=\"wpcf7-f4524-o1\" lang=\"pt-BR\" dir=\"ltr\">\n<div class=\"screen-reader-response\"><\/div>\n<form action=\"\/portal\/wp-json\/wp\/v2\/pages\/4528#wpcf7-f4524-o1\" method=\"post\" class=\"wpcf7-form\" novalidate=\"novalidate\">\n<div style=\"display: none;\">\n<input type=\"hidden\" name=\"_wpcf7\" value=\"4524\" \/>\n<input type=\"hidden\" name=\"_wpcf7_version\" value=\"4.7\" \/>\n<input type=\"hidden\" name=\"_wpcf7_locale\" value=\"pt_BR\" \/>\n<input type=\"hidden\" name=\"_wpcf7_unit_tag\" value=\"wpcf7-f4524-o1\" \/>\n<input type=\"hidden\" name=\"_wpnonce\" value=\"ca45263267\" \/>\n<\/div>\n<p>Registro do Sistema (RS)<br \/>\n<span class=\"wpcf7-form-control-wrap RegistronoSistemaRS\"><input type=\"text\" name=\"RegistronoSistemaRS\" value=\"\" size=\"40\" class=\"wpcf7-form-control wpcf7-text wpcf7-validates-as-required\" aria-required=\"true\" aria-invalid=\"false\" \/><\/span><\/p>\n<p>Nome Completo<br \/>\n  <span class=\"wpcf7-form-control-wrap nomecompleto\"><input type=\"text\" name=\"nomecompleto\" value=\"\" size=\"40\" class=\"wpcf7-form-control wpcf7-text wpcf7-validates-as-required\" aria-required=\"true\" aria-invalid=\"false\" \/><\/span> <\/p>\n<p>RG<br \/>\n    <span class=\"wpcf7-form-control-wrap rg\"><input type=\"number\" name=\"rg\" value=\"\" class=\"wpcf7-form-control wpcf7-number wpcf7-validates-as-required wpcf7-validates-as-number\" aria-required=\"true\" aria-invalid=\"false\" \/><\/span> (Digite apenas n\u00fameros)<\/p>\n<p>CPF<br \/>\n  <span class=\"wpcf7-form-control-wrap cpf\"><input type=\"number\" name=\"cpf\" value=\"\" class=\"wpcf7-form-control wpcf7-number wpcf7-validates-as-required wpcf7-validates-as-number\" aria-required=\"true\" aria-invalid=\"false\" \/><\/span> (Digite apenas n\u00fameros) <\/p>\n<p>Sexo<br \/>\n  <span class=\"wpcf7-form-control-wrap sexo\"><select name=\"sexo\" class=\"wpcf7-form-control wpcf7-select wpcf7-validates-as-required\" aria-required=\"true\" aria-invalid=\"false\"><option value=\"\">---<\/option><option value=\"Masculino\">Masculino<\/option><option value=\"Feminino\">Feminino<\/option><\/select><\/span> <\/p>\n<p>Estado Civil<br \/>\n   <span class=\"wpcf7-form-control-wrap estadocivil\"><select name=\"estadocivil\" class=\"wpcf7-form-control wpcf7-select wpcf7-validates-as-required\" aria-required=\"true\" aria-invalid=\"false\"><option value=\"\">---<\/option><option value=\"Solteiro(a)\">Solteiro(a)<\/option><option value=\"Casado(a)\">Casado(a)<\/option><option value=\"Viuvo(a)\">Viuvo(a)<\/option><option value=\"Separado(a)\">Separado(a)<\/option><\/select><\/span><\/p>\n<p>Data de Nascimento<br \/>\n  <span class=\"wpcf7-form-control-wrap datanasc\"><input type=\"text\" name=\"datanasc\" value=\"dd\/mm\/aaaa\" size=\"40\" maxlength=\"10\" class=\"wpcf7-form-control wpcf7-text wpcf7-validates-as-required\" aria-required=\"true\" aria-invalid=\"false\" \/><\/span><\/p>\n<p>Nome Completo da M\u00e3e<br \/>\n <span class=\"wpcf7-form-control-wrap nome-mae\"><input type=\"text\" name=\"nome-mae\" value=\"\" size=\"40\" class=\"wpcf7-form-control wpcf7-text wpcf7-validates-as-required\" aria-required=\"true\" aria-invalid=\"false\" \/><\/span><\/p>\n<p>Endere\u00e7o<br \/>\n   <span class=\"wpcf7-form-control-wrap Endereco\"><input type=\"text\" name=\"Endereco\" value=\"\" size=\"40\" class=\"wpcf7-form-control wpcf7-text wpcf7-validates-as-required\" aria-required=\"true\" aria-invalid=\"false\" \/><\/span><\/p>\n<p>Bairro<br \/>\n   <span class=\"wpcf7-form-control-wrap bairro\"><input type=\"text\" name=\"bairro\" value=\"\" size=\"40\" class=\"wpcf7-form-control wpcf7-text wpcf7-validates-as-required\" aria-required=\"true\" aria-invalid=\"false\" \/><\/span><\/p>\n<p>Cidade<br \/>\n <span class=\"wpcf7-form-control-wrap cidade\"><input type=\"text\" name=\"cidade\" value=\"\" size=\"40\" class=\"wpcf7-form-control wpcf7-text wpcf7-validates-as-required\" aria-required=\"true\" aria-invalid=\"false\" \/><\/span><\/p>\n<p>Estado<br \/>\n  <span class=\"wpcf7-form-control-wrap estado\"><select name=\"estado\" class=\"wpcf7-form-control wpcf7-select wpcf7-validates-as-required\" aria-required=\"true\" aria-invalid=\"false\"><option value=\"\">---<\/option><option value=\"AC\">AC<\/option><option value=\"AL\">AL<\/option><option value=\"AP\">AP<\/option><option value=\"AM\">AM<\/option><option value=\"BA\">BA<\/option><option value=\"CE\">CE<\/option><option value=\"DF\">DF<\/option><option value=\"ES\">ES<\/option><option value=\"GO\">GO<\/option><option value=\"MA\">MA<\/option><option value=\"MT\">MT<\/option><option value=\"MS\">MS<\/option><option value=\"MG\">MG<\/option><option value=\"PA\">PA<\/option><option value=\"PB\">PB<\/option><option value=\"PR\">PR<\/option><option value=\"PE\">PE<\/option><option value=\"PI\">PI<\/option><option value=\"RJ\">RJ<\/option><option value=\"RN\">RN<\/option><option value=\"RS\">RS<\/option><option value=\"RO\">RO<\/option><option value=\"RR\">RR<\/option><option value=\"SC\">SC<\/option><option value=\"SP\">SP<\/option><option value=\"SE\">SE<\/option><option value=\"TO\">TO<\/option><\/select><\/span><\/p>\n<p>CEP<br \/>\n  <span class=\"wpcf7-form-control-wrap CEP\"><input type=\"number\" name=\"CEP\" value=\"\" class=\"wpcf7-form-control wpcf7-number wpcf7-validates-as-number\" aria-invalid=\"false\" \/><\/span><\/p>\n<p>Celular<br \/>\n  <span class=\"wpcf7-form-control-wrap tel-cel\"><input type=\"tel\" name=\"tel-cel\" value=\"\" size=\"13\" maxlength=\"13\" class=\"wpcf7-form-control wpcf7-text wpcf7-tel wpcf7-validates-as-tel\" aria-invalid=\"false\" \/><\/span><\/p>\n<p>Telefone<br \/>\n  <span class=\"wpcf7-form-control-wrap tel\"><input type=\"tel\" name=\"tel\" value=\"\" size=\"13\" maxlength=\"13\" class=\"wpcf7-form-control wpcf7-text wpcf7-tel wpcf7-validates-as-tel\" aria-invalid=\"false\" \/><\/span><\/p>\n<p>E-mail<br \/>\n   <span class=\"wpcf7-form-control-wrap email\"><input type=\"email\" name=\"email\" value=\"\" size=\"40\" class=\"wpcf7-form-control wpcf7-text wpcf7-email wpcf7-validates-as-email\" aria-invalid=\"false\" \/><\/span><\/p>\n<p>Cargo<br \/>\n  <span class=\"wpcf7-form-control-wrap cargo\"><input type=\"text\" name=\"cargo\" value=\"\" size=\"40\" class=\"wpcf7-form-control wpcf7-text wpcf7-validates-as-required\" aria-required=\"true\" aria-invalid=\"false\" \/><\/span><\/p>\n<p>Unidade onde trabalha<br \/>\n <span class=\"wpcf7-form-control-wrap unidadetrabalho\"><input type=\"text\" name=\"unidadetrabalho\" value=\"\" size=\"40\" class=\"wpcf7-form-control wpcf7-text wpcf7-validates-as-required\" aria-required=\"true\" aria-invalid=\"false\" \/><\/span><\/p>\n<p>Agregados\/esposa e Filhos<br \/>\n<span class=\"wpcf7-form-control-wrap agregados\"><input type=\"text\" name=\"agregados\" value=\"\" size=\"40\" class=\"wpcf7-form-control wpcf7-text\" aria-invalid=\"false\" \/><\/span><\/p>\n<p>Declaro para os devidos fins e sob Responsabilidade pessoal, serem verdadeiras as informa\u00e7\u00f5es acima<br \/>\n<span class=\"wpcf7-form-control-wrap declaro\"><span class=\"wpcf7-form-control wpcf7-radio\"><span class=\"wpcf7-list-item first\"><input type=\"radio\" name=\"declaro\" value=\"Sim\" \/><span class=\"wpcf7-list-item-label\">Sim<\/span><\/span><span class=\"wpcf7-list-item last\"><input type=\"radio\" name=\"declaro\" value=\"N\u00e3o\" \/><span class=\"wpcf7-list-item-label\">N\u00e3o<\/span><\/span><\/span><\/span><\/p>\n<p>Local<br \/>\n  <span class=\"wpcf7-form-control-wrap local\"><input type=\"text\" name=\"local\" value=\"\" size=\"40\" class=\"wpcf7-form-control wpcf7-text wpcf7-validates-as-required\" aria-required=\"true\" aria-invalid=\"false\" \/><\/span><\/p>\n<p>Obs<br \/>\n <span class=\"wpcf7-form-control-wrap mensagem\"><textarea name=\"mensagem\" cols=\"40\" rows=\"10\" class=\"wpcf7-form-control wpcf7-textarea\" aria-invalid=\"false\"><\/textarea><\/span> <\/p>\n<p><input type=\"submit\" value=\"Enviar\" class=\"wpcf7-form-control wpcf7-submit\" \/><\/p>\n<div class=\"wpcf7-response-output wpcf7-display-none\"><\/div><\/form><\/div>\n","protected":false},"excerpt":{"rendered":"<p>ATUALIZA\u00c7\u00c3O DE CADASTRO DE FILIA\u00c7\u00c3O<\/p>\n","protected":false},"author":2,"featured_media":4527,"parent":0,"menu_order":0,"comment_status":"closed","ping_status":"closed","template":"","meta":{"footnotes":"","_joinchat":[]},"_links":{"self":[{"href":"https:\/\/sindpenal.org.br\/portal\/wp-json\/wp\/v2\/pages\/4528"}],"collection":[{"href":"https:\/\/sindpenal.org.br\/portal\/wp-json\/wp\/v2\/pages"}],"about":[{"href":"https:\/\/sindpenal.org.br\/portal\/wp-json\/wp\/v2\/types\/page"}],"author":[{"embeddable":true,"href":"https:\/\/sindpenal.org.br\/portal\/wp-json\/wp\/v2\/users\/2"}],"replies":[{"embeddable":true,"href":"https:\/\/sindpenal.org.br\/portal\/wp-json\/wp\/v2\/comments?post=4528"}],"version-history":[{"count":1,"href":"https:\/\/sindpenal.org.br\/portal\/wp-json\/wp\/v2\/pages\/4528\/revisions"}],"predecessor-version":[{"id":4529,"href":"https:\/\/sindpenal.org.br\/portal\/wp-json\/wp\/v2\/pages\/4528\/revisions\/4529"}],"wp:featuredmedia":[{"embeddable":true,"href":"https:\/\/sindpenal.org.br\/portal\/wp-json\/wp\/v2\/media\/4527"}],"wp:attachment":[{"href":"https:\/\/sindpenal.org.br\/portal\/wp-json\/wp\/v2\/media?parent=4528"}],"curies":[{"name":"wp","href":"https:\/\/api.w.org\/{rel}","templated":true}]}}