{"id":6,"date":"2013-06-25T14:56:04","date_gmt":"2013-06-25T17:56:04","guid":{"rendered":"http:\/\/sindespe.org.br\/portal\/?page_id=6"},"modified":"2023-03-06T13:34:02","modified_gmt":"2023-03-06T16:34:02","slug":"convenios","status":"publish","type":"page","link":"https:\/\/sindpenal.org.br\/portal\/convenios\/","title":{"rendered":"Conv\u00eanios"},"content":{"rendered":"<h3 style=\"text-align: center;\"><\/h3>\n<h3 style=\"text-align: center;\"><b>Veja com quem temos conv\u00eanios!<\/b><\/h3>\n<p>&nbsp;<\/p>\n<p><a href=\"https:\/\/sindespe.org.br\/portal\/cartao-de-credito-consignado-para-servidores-do-sistema-prisional-sem-anuidade\/\"><img loading=\"lazy\" decoding=\"async\" class=\"aligncenter size-full wp-image-10118\" src=\"https:\/\/sindpenal.org.br\/portal\/wp-content\/uploads\/2018\/09\/banner-ole.png\" alt=\"banner-ole\" width=\"250\" height=\"300\" \/><\/a><\/p>\n<hr \/>\n<p>&nbsp;<\/p>\n<h2 style=\"text-align: center;\"><a href=\"https:\/\/sindpenal.org.br\/portal\/wp-content\/uploads\/2013\/06\/sa\u00fade-sindespe-1.jpg\"><img loading=\"lazy\" decoding=\"async\" class=\"aligncenter wp-image-11428\" src=\"https:\/\/sindpenal.org.br\/portal\/wp-content\/uploads\/2013\/06\/sa\u00fade-sindespe-1-800x238.jpg\" alt=\"+sa\u00fade sindespe\" width=\"266\" height=\"79\" srcset=\"https:\/\/sindpenal.org.br\/portal\/wp-content\/uploads\/2013\/06\/sa\u00fade-sindespe-1-800x238.jpg 800w, https:\/\/sindpenal.org.br\/portal\/wp-content\/uploads\/2013\/06\/sa\u00fade-sindespe-1-300x89.jpg 300w, https:\/\/sindpenal.org.br\/portal\/wp-content\/uploads\/2013\/06\/sa\u00fade-sindespe-1-768x229.jpg 768w, https:\/\/sindpenal.org.br\/portal\/wp-content\/uploads\/2013\/06\/sa\u00fade-sindespe-1.jpg 1701w\" sizes=\"(max-width: 266px) 100vw, 266px\" \/><\/a><\/h2>\n<h3 style=\"text-align: center;\"><strong>\u2192<\/strong><b>\u00a0ODONTOL\u00d3GICO<\/b><\/h3>\n<p><img loading=\"lazy\" decoding=\"async\" class=\" wp-image-28 aligncenter\" src=\"https:\/\/sindpenal.org.br\/portal\/wp-content\/uploads\/2013\/06\/uniodonto-300x114.jpg\" alt=\"uniodonto\" width=\"250\" height=\"95\" srcset=\"https:\/\/sindpenal.org.br\/portal\/wp-content\/uploads\/2013\/06\/uniodonto-300x114.jpg 300w, https:\/\/sindpenal.org.br\/portal\/wp-content\/uploads\/2013\/06\/uniodonto.jpg 450w\" sizes=\"(max-width: 250px) 100vw, 250px\" \/><\/p>\n<p style=\"text-align: center;\"><b>O conv\u00eanio UNIODONTO tem uma taxa de ades\u00e3o individual de R$\u00a027,46 e mensalidade do mesmo valor por pessoa.<a href=\"https:\/\/sindpenal.org.br\/portal\/wp-content\/uploads\/2013\/06\/sa\u00fade-sindespe.jpg\"><br \/>\n<\/a><\/b><\/p>\n<p style=\"text-align: center;\"><strong>Ficha de Ades\u00e3o do Titular &#8211; <a href=\"https:\/\/sindpenal.org.br\/portal\/wp-content\/uploads\/2013\/06\/Ficha-de-ades\u00e3o-UNIODONTO-titular.pdf\" target=\"_blank\">Clique aqui<\/a><\/strong><br \/>\n<em>(A ficha deve ser preenchida e entregue na secretaria do SINDESPE)<\/em><\/p>\n<p style=\"text-align: center;\"><strong>Ficha de Ades\u00e3o do Dependente &#8211;\u00a0<a style=\"line-height: 1.714285714; font-size: 1rem;\" href=\"https:\/\/sindpenal.org.br\/portal\/wp-content\/uploads\/2013\/06\/Ficha-de-ades\u00e3o-UNIODONTO-dependente.pdf\" target=\"_blank\">Clique Aqui<\/a><\/strong><br \/>\n<em>(A ficha deve ser preenchida e entregue na secretaria do SINDESPE)<\/em><\/p>\n<h3 style=\"text-align: center;\"><span style=\"color: #333333;\"><strong>\u2192 ACADEMIA<\/strong><\/span><\/h3>\n<p><a href=\"https:\/\/bluefit.com.br\/\"><img loading=\"lazy\" decoding=\"async\" class=\"aligncenter wp-image-11411\" src=\"https:\/\/sindpenal.org.br\/portal\/wp-content\/uploads\/2013\/06\/LOGO-BLUEFIT.jpg\" alt=\"LOGO BLUEFIT\" width=\"310\" height=\"128\" srcset=\"https:\/\/sindpenal.org.br\/portal\/wp-content\/uploads\/2013\/06\/LOGO-BLUEFIT.jpg 645w, https:\/\/sindpenal.org.br\/portal\/wp-content\/uploads\/2013\/06\/LOGO-BLUEFIT-300x124.jpg 300w\" sizes=\"(max-width: 310px) 100vw, 310px\" \/><\/a><\/p>\n<p class=\"entry-title\" style=\"text-align: center;\">Quer malhar?<\/p>\n<p style=\"text-align: center;\"><strong>Exclusivo para filiados:<\/strong><\/p>\n<p style=\"text-align: center;\"><em>Plano mensal Gold, mensalidade\u00a0<strong>R$ 109,90<\/strong>\u00a0com isen\u00e7\u00e3o da taxa de matr\u00edcula (no valor de R$ 120,00 reais) e\u00a0isen\u00e7\u00e3o da taxa de manuten\u00e7\u00e3o (no valor de R$ 199,90 reais).<\/em><\/p>\n<p style=\"text-align: center;\">Pe\u00e7a j\u00e1 seu voucher de desconto!<\/p>\n<p style=\"text-align: center;\"><a href=\"https:\/\/sindpenal.org.br\/portal\/wp-content\/uploads\/2017\/03\/WHATSAPP.jpg\"><img loading=\"lazy\" decoding=\"async\" class=\"aligncenter size-full wp-image-7099\" src=\"https:\/\/sindpenal.org.br\/portal\/wp-content\/uploads\/2017\/03\/WHATSAPP-e1678120424206.jpg\" alt=\"WHATSAPP\" width=\"50\" height=\"51\" \/><\/a><strong>(11) 94486-9175<\/strong><\/p>\n<p>&nbsp;<\/p>\n<hr \/>\n<h3 style=\"text-align: center;\"><\/h3>\n<h3 style=\"text-align: center;\"><a href=\"https:\/\/sindpenal.org.br\/portal\/wp-content\/uploads\/2013\/06\/EDUCA\u00c7\u00c3O-SINDESPE.jpg\"><img loading=\"lazy\" decoding=\"async\" class=\"aligncenter wp-image-11429\" src=\"https:\/\/sindpenal.org.br\/portal\/wp-content\/uploads\/2013\/06\/EDUCA\u00c7\u00c3O-SINDESPE-800x129.jpg\" alt=\"+EDUCA\u00c7\u00c3O SINDESPE\" width=\"435\" height=\"70\" srcset=\"https:\/\/sindpenal.org.br\/portal\/wp-content\/uploads\/2013\/06\/EDUCA\u00c7\u00c3O-SINDESPE-800x129.jpg 800w, https:\/\/sindpenal.org.br\/portal\/wp-content\/uploads\/2013\/06\/EDUCA\u00c7\u00c3O-SINDESPE-300x48.jpg 300w, https:\/\/sindpenal.org.br\/portal\/wp-content\/uploads\/2013\/06\/EDUCA\u00c7\u00c3O-SINDESPE-768x124.jpg 768w\" sizes=\"(max-width: 435px) 100vw, 435px\" \/><\/a><\/h3>\n<p>&nbsp;<\/p>\n<h6 style=\"text-align: left;\">\u00a0 \u00a0 \u00a0 \u00a0 \u00a0 \u00a0 \u00a0 \u00a0 \u00a0 \u00a0 \u00a0 \u00a0 \u00a0 \u00a0 \u00a0 \u00a0 \u00a0 \u00a0 \u00a0 \u00a0 \u00a0 \u00a0 \u00a0 \u00a0 \u00a0 \u00a0 \u00a0 \u00a0 \u00a0 \u00a0 \u00a0 UNISAL \u2013 CENTRO UNIVERSIT\u00c1RIO SALESIANO DE S\u00c3O PAULO\u00a0 \u00a0 \u00a0 \u00a0 \u00a0 \u00a0 \u00a0 \u00a0 \u00a0 UNIP \u2013 UNIVERSIDADE PAULISTA<\/h6>\n<h3 style=\"text-align: center;\"><span style=\"color: #ffffff;\"><a href=\"https:\/\/unisal.br\/\"><img loading=\"lazy\" decoding=\"async\" class=\"wp-image-11387\" src=\"https:\/\/sindpenal.org.br\/portal\/wp-content\/uploads\/2013\/06\/logo_unisal-800x363.png\" alt=\"logo_unisal\" width=\"232\" height=\"105\" srcset=\"https:\/\/sindpenal.org.br\/portal\/wp-content\/uploads\/2013\/06\/logo_unisal-800x363.png 800w, https:\/\/sindpenal.org.br\/portal\/wp-content\/uploads\/2013\/06\/logo_unisal-300x136.png 300w, https:\/\/sindpenal.org.br\/portal\/wp-content\/uploads\/2013\/06\/logo_unisal-768x348.png 768w, https:\/\/sindpenal.org.br\/portal\/wp-content\/uploads\/2013\/06\/logo_unisal.png 1693w\" sizes=\"(max-width: 232px) 100vw, 232px\" \/><\/a><a href=\"https:\/\/www.unip.br\/presencial\/\"><img loading=\"lazy\" decoding=\"async\" class=\"wp-image-11407\" src=\"https:\/\/sindpenal.org.br\/portal\/wp-content\/uploads\/2013\/06\/unip-ouvidoria.jpg\" alt=\"unip-ouvidoria\" width=\"237\" height=\"131\" srcset=\"https:\/\/sindpenal.org.br\/portal\/wp-content\/uploads\/2013\/06\/unip-ouvidoria.jpg 450w, https:\/\/sindpenal.org.br\/portal\/wp-content\/uploads\/2013\/06\/unip-ouvidoria-300x166.jpg 300w\" sizes=\"(max-width: 237px) 100vw, 237px\" \/><\/a>a<\/span><\/h3>\n<h6 style=\"text-align: center;\">CESUMAR \u2013 CENTRO UNIVERSIT\u00c1RIO DE MARING\u00c1\u00a0 \u00a0 \u00a0 \u00a0 \u00a0UNOESTE \u2013 UNIVERSIDADE DO OESTE PAULISTA<\/h6>\n<p style=\"text-align: center;\"><a href=\"https:\/\/www.unicesumar.edu.br\/home\/\" target=\"_blank\"><img loading=\"lazy\" decoding=\"async\" class=\"wp-image-630\" src=\"https:\/\/sindpenal.org.br\/portal\/wp-content\/uploads\/2013\/06\/cesumar-logo.jpg\" alt=\"cesumar-logo\" width=\"219\" height=\"113\" srcset=\"https:\/\/sindpenal.org.br\/portal\/wp-content\/uploads\/2013\/06\/cesumar-logo.jpg 400w, https:\/\/sindpenal.org.br\/portal\/wp-content\/uploads\/2013\/06\/cesumar-logo-300x154.jpg 300w\" sizes=\"(max-width: 219px) 100vw, 219px\" \/><\/a><a href=\"https:\/\/www.unoeste.br\/\"><img loading=\"lazy\" decoding=\"async\" class=\"wp-image-11401\" src=\"https:\/\/sindpenal.org.br\/portal\/wp-content\/uploads\/2013\/06\/unnamed.png\" alt=\"unnamed\" width=\"249\" height=\"91\" \/><\/a><\/p>\n<h6 style=\"text-align: center;\">UNIVERSIDADE METROPOLITANA DE SANTOS<\/h6>\n<p style=\"text-align: center;\"><span style=\"color: #ffffff;\">a<\/span><\/p>\n<p style=\"text-align: center;\"><a href=\"\/www.unimes.br\"><img loading=\"lazy\" decoding=\"async\" class=\"aligncenter wp-image-11419\" src=\"https:\/\/sindpenal.org.br\/portal\/wp-content\/uploads\/2013\/06\/Logo-Unimes3D-691x800.png\" alt=\"Logo Unimes3D\" width=\"139\" height=\"161\" srcset=\"https:\/\/sindpenal.org.br\/portal\/wp-content\/uploads\/2013\/06\/Logo-Unimes3D-691x800.png 691w, https:\/\/sindpenal.org.br\/portal\/wp-content\/uploads\/2013\/06\/Logo-Unimes3D-259x300.png 259w, https:\/\/sindpenal.org.br\/portal\/wp-content\/uploads\/2013\/06\/Logo-Unimes3D-768x890.png 768w, https:\/\/sindpenal.org.br\/portal\/wp-content\/uploads\/2013\/06\/Logo-Unimes3D.png 1564w\" sizes=\"(max-width: 139px) 100vw, 139px\" \/><\/a><\/p>\n<hr \/>\n<h3 style=\"text-align: center;\"><a href=\"https:\/\/sindpenal.org.br\/portal\/wp-content\/uploads\/2013\/06\/SEGURAN\u00c7A-SINDESPE.jpg\"><img loading=\"lazy\" decoding=\"async\" class=\"aligncenter wp-image-11445\" src=\"https:\/\/sindpenal.org.br\/portal\/wp-content\/uploads\/2013\/06\/SEGURAN\u00c7A-SINDESPE-800x161.jpg\" alt=\"+SEGURAN\u00c7A SINDESPE\" width=\"402\" height=\"81\" srcset=\"https:\/\/sindpenal.org.br\/portal\/wp-content\/uploads\/2013\/06\/SEGURAN\u00c7A-SINDESPE-800x161.jpg 800w, https:\/\/sindpenal.org.br\/portal\/wp-content\/uploads\/2013\/06\/SEGURAN\u00c7A-SINDESPE-300x60.jpg 300w, https:\/\/sindpenal.org.br\/portal\/wp-content\/uploads\/2013\/06\/SEGURAN\u00c7A-SINDESPE-768x155.jpg 768w, https:\/\/sindpenal.org.br\/portal\/wp-content\/uploads\/2013\/06\/SEGURAN\u00c7A-SINDESPE.jpg 1998w\" sizes=\"(max-width: 402px) 100vw, 402px\" \/><\/a><\/h3>\n<h5 style=\"text-align: center;\">CTT &#8211; CBC (Centro de Treinamento T\u00e1tico)\u00a0 \u00a0<a href=\"https:\/\/sindpenal.org.br\/portal\/wp-content\/uploads\/2013\/06\/logo-cct-brasil.png\"><img loading=\"lazy\" decoding=\"async\" class=\"size-full wp-image-11446 aligncenter\" src=\"https:\/\/sindpenal.org.br\/portal\/wp-content\/uploads\/2013\/06\/logo-cct-brasil.png\" alt=\"logo-cct-brasil\" width=\"150\" height=\"153\" srcset=\"https:\/\/sindpenal.org.br\/portal\/wp-content\/uploads\/2013\/06\/logo-cct-brasil.png 150w, https:\/\/sindpenal.org.br\/portal\/wp-content\/uploads\/2013\/06\/logo-cct-brasil-70x70.png 70w\" sizes=\"(max-width: 150px) 100vw, 150px\" \/><\/a><\/h5>\n<p>&nbsp;<\/p>\n<h5 style=\"text-align: center;\">ANVIL &#8211; Estande de tiro. Clique na imagem para maiores detalhes:<\/h5>\n<p><a href=\"https:\/\/sindespe.org.br\/portal\/parceria-entre-estande-tiro-anvil-e-sindespe\/\"><img loading=\"lazy\" decoding=\"async\" class=\"aligncenter size-full wp-image-13891\" src=\"https:\/\/sindpenal.org.br\/portal\/wp-content\/uploads\/2020\/07\/anvil.png\" alt=\"anvil\" width=\"250\" height=\"300\" \/><\/a><\/p>\n<p style=\"text-align: center;\">ADMINISTRATIVO: (19) 9 7409 2879<br \/>\n<a href=\"mailto:contato@clubeanvil.com.br\">contato@clubeanvil.com.br<\/a><\/p>\n<p>&nbsp;<\/p>\n<p>&nbsp;<\/p>\n<p>&nbsp;<\/p>\n<p>&nbsp;<\/p>\n<hr \/>\n<h3 style=\"text-align: center;\"><a href=\"https:\/\/sindpenal.org.br\/portal\/wp-content\/uploads\/2013\/06\/DIVERS\u00c3O-SINDESPE.jpg\"><img loading=\"lazy\" decoding=\"async\" class=\"aligncenter wp-image-11430\" src=\"https:\/\/sindpenal.org.br\/portal\/wp-content\/uploads\/2013\/06\/DIVERS\u00c3O-SINDESPE-800x103.jpg\" alt=\"+DIVERS\u00c3O SINDESPE\" width=\"383\" height=\"49\" srcset=\"https:\/\/sindpenal.org.br\/portal\/wp-content\/uploads\/2013\/06\/DIVERS\u00c3O-SINDESPE-800x103.jpg 800w, https:\/\/sindpenal.org.br\/portal\/wp-content\/uploads\/2013\/06\/DIVERS\u00c3O-SINDESPE-300x38.jpg 300w, https:\/\/sindpenal.org.br\/portal\/wp-content\/uploads\/2013\/06\/DIVERS\u00c3O-SINDESPE-768x98.jpg 768w, https:\/\/sindpenal.org.br\/portal\/wp-content\/uploads\/2013\/06\/DIVERS\u00c3O-SINDESPE.jpg 1990w\" sizes=\"(max-width: 383px) 100vw, 383px\" \/><\/a><\/h3>\n<h3 style=\"text-align: center;\"><a href=\"https:\/\/sindpenal.org.br\/portal\/colonia-de-ferias\/\"><span style=\"text-decoration: underline;\">HOTEL\/HOSPEDAGEM\/F\u00c9RIAS<\/span><\/a><\/h3>\n<p style=\"text-align: center;\">Entre na p\u00e1gina de col\u00f4nia de f\u00e9rias, ou clique no link acima, para ver nossos conv\u00eanios deste seguimento.<\/p>\n<h3 style=\"text-align: center;\"><strong><a href=\"https:\/\/www.angtravel.com.br\">CONDI\u00c7\u00d5ES EXCLUSIVAS PARA AFILIADOS NA\u00a0 AG\u00caNCIA DE VIAGENS ANG TRAVEL<\/a><\/strong><\/h3>\n<p><a href=\"https:\/\/sindpenal.org.br\/portal\/wp-content\/uploads\/2013\/06\/logo-ang-cor.png\"><img loading=\"lazy\" decoding=\"async\" class=\"aligncenter wp-image-13224\" title=\"ANG Travel\" src=\"https:\/\/sindpenal.org.br\/portal\/wp-content\/uploads\/2013\/06\/logo-ang-cor.png\" alt=\"ANG Travel\" width=\"203\" height=\"60\" srcset=\"https:\/\/sindpenal.org.br\/portal\/wp-content\/uploads\/2013\/06\/logo-ang-cor.png 270w, https:\/\/sindpenal.org.br\/portal\/wp-content\/uploads\/2013\/06\/logo-ang-cor-265x80.png 265w\" sizes=\"(max-width: 203px) 100vw, 203px\" \/><\/a><\/p>\n<h3 style=\"text-align: center;\"><a href=\"https:\/\/sindpenal.org.br\/portal\/sindespe-e-ang-travel-viagens-firmam-parceria-inedita-para-afiliados\/\">Clique aqui<\/a> e confira mais informa\u00e7\u00f5es sobre a parceria.<\/h3>\n<hr \/>\n","protected":false},"excerpt":{"rendered":"<p>Veja com quem temos conv\u00eanios! &nbsp; &nbsp; \u2192\u00a0ODONTOL\u00d3GICO O conv\u00eanio UNIODONTO tem uma taxa de ades\u00e3o individual de R$\u00a027,46 e mensalidade do mesmo valor por pessoa. Ficha de Ades\u00e3o do Titular &#8211; Clique aqui (A ficha deve ser preenchida e entregue na secretaria do SINDESPE) Ficha de Ades\u00e3o do Dependente &#8211;\u00a0Clique Aqui (A ficha deve ser preenchida e entregue na secretaria do SINDESPE) \u2192 ACADEMIA Quer malhar? Exclusivo para filiados:&#8230;<\/p>\n","protected":false},"author":2,"featured_media":0,"parent":0,"menu_order":0,"comment_status":"closed","ping_status":"closed","template":"","meta":{"footnotes":"","_joinchat":[]},"_links":{"self":[{"href":"https:\/\/sindpenal.org.br\/portal\/wp-json\/wp\/v2\/pages\/6"}],"collection":[{"href":"https:\/\/sindpenal.org.br\/portal\/wp-json\/wp\/v2\/pages"}],"about":[{"href":"https:\/\/sindpenal.org.br\/portal\/wp-json\/wp\/v2\/types\/page"}],"author":[{"embeddable":true,"href":"https:\/\/sindpenal.org.br\/portal\/wp-json\/wp\/v2\/users\/2"}],"replies":[{"embeddable":true,"href":"https:\/\/sindpenal.org.br\/portal\/wp-json\/wp\/v2\/comments?post=6"}],"version-history":[{"count":95,"href":"https:\/\/sindpenal.org.br\/portal\/wp-json\/wp\/v2\/pages\/6\/revisions"}],"predecessor-version":[{"id":20256,"href":"https:\/\/sindpenal.org.br\/portal\/wp-json\/wp\/v2\/pages\/6\/revisions\/20256"}],"wp:attachment":[{"href":"https:\/\/sindpenal.org.br\/portal\/wp-json\/wp\/v2\/media?parent=6"}],"curies":[{"name":"wp","href":"https:\/\/api.w.org\/{rel}","templated":true}]}}